{"id":203,"date":"2011-09-14T09:45:02","date_gmt":"2011-09-14T09:45:02","guid":{"rendered":"http:\/\/192.168.9.29\/Development\/TB\/?page_id=203"},"modified":"2017-12-28T16:06:44","modified_gmt":"2017-12-28T18:06:44","slug":"home","status":"publish","type":"page","link":"https:\/\/www.netlider.com.br\/novo\/","title":{"rendered":"Home"},"content":{"rendered":"<div class=\"row \">\n<div class=\"span12 \"><div class=\"content_plane whith_arr\"><div class=\"row \">\n<div class=\"span3 \"><figure class=\"aligncenter \"><img decoding=\"async\" src=\"https:\/\/www.netlider.com.br\/novo\/wp-content\/themes\/theme47929\/images\/iconSweets\/icon_1.png\" alt=\"\"><\/figure>\n<h4 style=\"text-align: center;\">Administra\u00e7\u00e3o<br \/>\nde Servidores<\/h4>\n<p style=\"text-align: center;\"><span class=\"st\">Administra\u00e7\u00e3o de Servidores Linux, Windows, Apache, NGINX, Mail Server, Ticket Systems e Plataformas Online<br \/>\n<\/span><\/p><\/div>\n<div class=\"span3 \"><figure class=\"aligncenter \"><img decoding=\"async\" src=\"https:\/\/www.netlider.com.br\/novo\/wp-content\/themes\/theme47929\/images\/iconSweets\/icon_2.png\" alt=\"\"><\/figure>\n<h4 style=\"text-align: center;\">Suporte<br \/>\nT\u00e9cnico<\/h4>\n<p style=\"text-align: center;\">Suporte t\u00e9cnico focado na resolu\u00e7\u00e3o r\u00e1pida e eficaz de problemas, com uma equipe qualificada a atender as necessidades de empresas de todos os tamanhos e setores.<\/p><\/div>\n<div class=\"span3 \"><figure class=\"aligncenter \"><img decoding=\"async\" src=\"https:\/\/www.netlider.com.br\/novo\/wp-content\/themes\/theme47929\/images\/iconSweets\/icon_3.png\" alt=\"\"><\/figure>\n<h4 style=\"text-align: center;\"><\/h4>\n<h4 style=\"text-align: center;\">Desenvolvimento<br \/>\nWeb<\/h4>\n<p style=\"text-align: center;\">A Netlider desenvolve softwares Web espec\u00edficos e personalizados de acordo com a necessidade de sua empresa.<\/p><\/div>\n<div class=\"span3 \"><figure class=\"aligncenter \"><img decoding=\"async\" src=\"https:\/\/www.netlider.com.br\/novo\/wp-content\/themes\/theme47929\/images\/iconSweets\/icon_1.png\" alt=\"\"><\/figure>\n<h4 style=\"text-align: center;\">Hospedagem<br \/>\nWeb<\/h4>\n<p style=\"text-align: center;\">Possuimos uma excelente infraestrutura para hospedar o seu site, atrav\u00e9s de servidores e tecnologia de \u00faltima gera\u00e7\u00e3o<\/p><\/div>\n<\/div> <!-- .row (end) --><div class=\"clear\"><\/div><\/div>\n<div class=\"content_plane jumbotron\">\n<div class=\"clear\"><\/div><\/div><\/div>\n<\/div><!-- .row (end) -->\n<div class=\"spacer\"><\/div><!-- .spacer (end) --><div class=\"spacer\"><\/div><!-- .spacer (end) -->\n<div class=\"row \">\n<div class=\"span2 \"><h5 style=\"text-align: right;\">Ligue para n\u00f3s:<\/h5>\n<address style=\"text-align: right;\">31 3081-2642<\/address>\n<h6 style=\"text-align: right;\">Rua Sel\u00eanio, 268<br \/>\nBairro Prado<br \/>\nBelo Horizonte - MG<br \/>\nfale@netlider.com.br<\/h6>\n<div class=\"spacer\"><\/div><!-- .spacer (end) --><\/div>\n<div class=\"span5 \"><div class=\"row \">\n<div class=\"span3 \"><h1>Procurando Solu\u00e7\u00f5es em TI?<\/h1>\n<h4><span style=\"color: #e4601b;\">VEIO AO LUGAR CERTO<br \/>\n<\/span><\/h4>\n<p>Nosso objetivo \u00e9 fornecer informa\u00e7\u00f5es, solu\u00e7\u00f5es e ferramentas, para nossos clientes e parceiros atrav\u00e9s de nossos especialistas sempre atualizados com as necessidades e demandas do mercado.<\/p><\/div>\n<div class=\"span2 \"><p><img loading=\"lazy\" decoding=\"async\" class=\"alignnone size-full wp-image-1936\" src=\"https:\/\/netlider.com.br\/novo\/wp-content\/uploads\/2011\/09\/page1_pic1.jpg\" alt=\"page1_pic1\" width=\"170\" height=\"176\" \/><\/p><\/div>\n<\/div> <!-- .row (end) --><\/div>\n<div class=\"span1 \"><\/div>\n<div class=\"span2 \"><div class=\"spacer\"><\/div><!-- .spacer (end) --><\/div>\n<\/div><!-- .row (end) -->\n<div class=\"testimonials \"><\/div>\n","protected":false},"excerpt":{"rendered":"","protected":false},"author":1,"featured_media":0,"parent":0,"menu_order":0,"comment_status":"open","ping_status":"closed","template":"page-home.php","meta":{"footnotes":""},"_links":{"self":[{"href":"https:\/\/www.netlider.com.br\/novo\/wp-json\/wp\/v2\/pages\/203"}],"collection":[{"href":"https:\/\/www.netlider.com.br\/novo\/wp-json\/wp\/v2\/pages"}],"about":[{"href":"https:\/\/www.netlider.com.br\/novo\/wp-json\/wp\/v2\/types\/page"}],"author":[{"embeddable":true,"href":"https:\/\/www.netlider.com.br\/novo\/wp-json\/wp\/v2\/users\/1"}],"replies":[{"embeddable":true,"href":"https:\/\/www.netlider.com.br\/novo\/wp-json\/wp\/v2\/comments?post=203"}],"version-history":[{"count":35,"href":"https:\/\/www.netlider.com.br\/novo\/wp-json\/wp\/v2\/pages\/203\/revisions"}],"predecessor-version":[{"id":2131,"href":"https:\/\/www.netlider.com.br\/novo\/wp-json\/wp\/v2\/pages\/203\/revisions\/2131"}],"wp:attachment":[{"href":"https:\/\/www.netlider.com.br\/novo\/wp-json\/wp\/v2\/media?parent=203"}],"curies":[{"name":"wp","href":"https:\/\/api.w.org\/{rel}","templated":true}]}}